{"id":4152,"date":"2024-12-05T09:18:58","date_gmt":"2024-12-05T08:18:58","guid":{"rendered":"https:\/\/www.cacp-villaperochon.com\/la-villa-perochon\/the-team\/"},"modified":"2026-03-30T15:44:47","modified_gmt":"2026-03-30T13:44:47","slug":"the-team","status":"publish","type":"page","link":"https:\/\/www.cacp-villaperochon.com\/en\/la-villa-perochon\/the-team\/","title":{"rendered":"The team"},"content":{"rendered":"\n<div class=\"wp-block-uagb-container uagb-block-fa03bbfa alignfull uagb-is-root-container\"><div class=\"uagb-container-inner-blocks-wrap\">\n<div class=\"wp-block-uagb-container swiper-rjpi-container uagb-block-f7ea2535 alignfull uagb-is-root-container\"><div class=\"uagb-container-inner-blocks-wrap\">\n<div class=\"wp-block-uagb-advanced-heading uagb-block-b0a44478\"><h1 class=\"uagb-heading-text\"><strong>The<\/strong><br\/><strong>team<\/strong> at Villa P\u00e9rochon<\/h1><\/div>\n<\/div><\/div>\n<\/div><\/div>\n\n<div class=\"wp-block-uagb-container uagb-layout-grid uagb-block-7dc6aef7 alignfull uagb-is-root-container\"><div class=\"uagb-container-inner-blocks-wrap\">\n<div class=\"wp-block-uagb-container uagb-block-ac850968\">\n<div class=\"wp-block-uagb-advanced-heading uagb-block-073357df\"><h2 class=\"uagb-heading-text\">Employees<\/h2><\/div>\n<\/div>\n\n\n\n<div class=\"wp-block-uagb-container uagb-layout-grid uagb-block-c0ad25c1\">\n<div class=\"wp-block-uagb-container uagb-layout-flex uagb-block-2d885891\">\n<div class=\"wp-block-uagb-container second-portrait uagb-block-6738edf1\">\n<div class=\"wp-block-uagb-container uagb-block-8d829306\">\n<div class=\"wp-block-uagb-advanced-heading uagb-block-fe420293\"><h2 class=\"uagb-heading-text\">Philippe Guionie<\/h2><\/div>\n\n\n\n<div class=\"wp-block-uagb-advanced-heading uagb-block-37800670\"><p class=\"uagb-heading-text\">Management<\/p><\/div>\n<\/div>\n\n\n\n<div class=\"wp-block-uagb-container uagb-block-bf528109\">\n<div class=\"wp-block-uagb-advanced-heading uagb-block-cac6dd01\"><p class=\"uagb-heading-text\">philippeguionie<br\/>@cacp-villaperochon.com<\/p><\/div>\n<\/div>\n<\/div>\n\n\n\n<div class=\"wp-block-uagb-container first-portrait uagb-block-743f5db3\"><\/div>\n<\/div>\n\n\n\n<div class=\"wp-block-uagb-container uagb-layout-flex uagb-block-3c3c9287\">\n<div class=\"wp-block-uagb-container second-portrait uagb-block-f8f3aca2\">\n<div class=\"wp-block-uagb-container uagb-block-7292cf19\">\n<div class=\"wp-block-uagb-advanced-heading uagb-block-be7f8819\"><h2 class=\"uagb-heading-text\">Virginie Odiard<\/h2><\/div>\n\n\n\n<div class=\"wp-block-uagb-advanced-heading uagb-block-d63de3cb\"><p class=\"uagb-heading-text\">Administration<br\/>Communication<br\/>Artoth\u00e8que<\/p><\/div>\n<\/div>\n\n\n\n<div class=\"wp-block-uagb-container uagb-block-a0164827\">\n<div class=\"wp-block-uagb-advanced-heading uagb-block-38539d87\"><p class=\"uagb-heading-text\">virginieodiard<br\/>@cacp-villaperochon.com<\/p><\/div>\n<\/div>\n<\/div>\n\n\n\n<div class=\"wp-block-uagb-container first-portrait uagb-block-7465fd54\"><\/div>\n<\/div>\n\n\n\n<div class=\"wp-block-uagb-container uagb-layout-flex uagb-block-2fac9d44\">\n<div class=\"wp-block-uagb-container first-portrait uagb-block-25e86c6b\"><\/div>\n\n\n\n<div class=\"wp-block-uagb-container second-portrait uagb-block-12368689\">\n<div class=\"wp-block-uagb-container uagb-block-fc4fcda7\">\n<div class=\"wp-block-uagb-advanced-heading uagb-block-10aa5b3b\"><h2 class=\"uagb-heading-text\">Jean-Luc Fouet<\/h2><\/div>\n\n\n\n<div class=\"wp-block-uagb-advanced-heading uagb-block-143b16a7\"><p class=\"uagb-heading-text\">Artistic and cultural education<br\/>Mediation<\/p><\/div>\n<\/div>\n\n\n\n<div class=\"wp-block-uagb-container uagb-block-f864f41c\">\n<div class=\"wp-block-uagb-advanced-heading uagb-block-95b1321e\"><p class=\"uagb-heading-text\">jeanlucfouet@cacp-villaperochon.com<\/p><\/div>\n<\/div>\n<\/div>\n<\/div>\n\n\n\n<div class=\"wp-block-uagb-container uagb-block-ffef30c5\">\n<div class=\"wp-block-uagb-container first-portrait uagb-block-e3ce42ed\"><\/div>\n\n\n\n<div class=\"wp-block-uagb-container second-portrait uagb-block-dfbe8c43\">\n<div class=\"wp-block-uagb-container uagb-block-a2fcd098\">\n<div class=\"wp-block-uagb-advanced-heading uagb-block-74afc882\"><h2 class=\"uagb-heading-text\">Ang\u00e9line Noumet<\/h2><\/div>\n\n\n\n<div class=\"wp-block-uagb-advanced-heading uagb-block-a67ac9d5\"><p class=\"uagb-heading-text\">Home<br\/>Communication<br\/>Mediation<\/p><\/div>\n<\/div>\n\n\n\n<div class=\"wp-block-uagb-container uagb-block-05c99684\">\n<div class=\"wp-block-uagb-advanced-heading uagb-block-e8c42450\"><p class=\"uagb-heading-text\">accueil@cacp-villaperochon.com<\/p><\/div>\n<\/div>\n<\/div>\n<\/div>\n\n\n\n<div class=\"wp-block-uagb-container uagb-layout-flex uagb-block-5c646032\">\n<div class=\"wp-block-uagb-container second-portrait uagb-block-e88355fc\">\n<div class=\"wp-block-uagb-container uagb-block-38d4dc11\">\n<div class=\"wp-block-uagb-advanced-heading uagb-block-ea5df079\"><h2 class=\"uagb-heading-text\">Rebecca Flore<\/h2><\/div>\n\n\n\n<div class=\"wp-block-uagb-advanced-heading uagb-block-985707ad\"><p class=\"uagb-heading-text\">Mediation<br\/>Artoth\u00e8que<\/p><\/div>\n<\/div>\n\n\n\n<div class=\"wp-block-uagb-container uagb-block-254130a0\">\n<div class=\"wp-block-uagb-advanced-heading uagb-block-e7b5a607\"><p class=\"uagb-heading-text\">rebeccaflore@cacp-villaperochon.com<\/p><\/div>\n<\/div>\n<\/div>\n\n\n\n<div class=\"wp-block-uagb-container first-portrait uagb-block-d6720f3d\"><\/div>\n<\/div>\n\n\n\n<div class=\"wp-block-uagb-container uagb-block-704ac446\">\n<div class=\"wp-block-uagb-container second-portrait uagb-block-13c27169\">\n<div class=\"wp-block-uagb-advanced-heading uagb-block-482df2a7\"><h2 class=\"uagb-heading-text\">Manu Gourdon<\/h2><\/div>\n\n\n\n<div class=\"wp-block-uagb-advanced-heading uagb-block-4a9a1329\"><p class=\"uagb-heading-text\">Exhibition management<\/p><\/div>\n\n\n\n<div class=\"wp-block-uagb-container uagb-block-fbf283a4\">\n<div class=\"wp-block-uagb-advanced-heading uagb-block-ef4e3cf8\"><p class=\"uagb-heading-text\">(back-up during the Rencontres de la jeune photographie internationale)<\/p><\/div>\n<\/div>\n<\/div>\n\n\n\n<div class=\"wp-block-uagb-container first-portrait uagb-block-ef50eae3\"><\/div>\n<\/div>\n\n\n\n<div class=\"wp-block-uagb-container uagb-block-76d92406\">\n<div class=\"wp-block-uagb-container first-portrait uagb-block-aa8b1e30\"><\/div>\n\n\n\n<div class=\"wp-block-uagb-container second-portrait uagb-block-4e01300a\">\n<div class=\"wp-block-uagb-advanced-heading uagb-block-27ab500c\"><h2 class=\"uagb-heading-text\">Thierry Math\u00e9<\/h2><\/div>\n\n\n\n<div class=\"wp-block-uagb-advanced-heading uagb-block-e07c194b\"><p class=\"uagb-heading-text\">Mediation  <\/p><\/div>\n\n\n\n<div class=\"wp-block-uagb-container uagb-block-406c8f62\">\n<div class=\"wp-block-uagb-advanced-heading uagb-block-da2ba797\"><p class=\"uagb-heading-text\">(back-up during the Rencontres de la jeune photographie internationale)<\/p><\/div>\n<\/div>\n<\/div>\n<\/div>\n\n\n\n<div class=\"wp-block-uagb-container uagb-block-85ce5b54\">\n<div class=\"wp-block-uagb-container first-portrait uagb-block-2460a35b\"><\/div>\n\n\n\n<div class=\"wp-block-uagb-container second-portrait uagb-block-ccc04988\">\n<div class=\"wp-block-uagb-advanced-heading uagb-block-74f3ad2c\"><h2 class=\"uagb-heading-text\">Eug\u00e9nie Cl\u00e9ment<\/h2><\/div>\n\n\n\n<div class=\"wp-block-uagb-advanced-heading uagb-block-832a77ac\"><p class=\"uagb-heading-text\">Mediation<\/p><\/div>\n\n\n\n<div class=\"wp-block-uagb-container uagb-block-1b2b8be8\">\n<div class=\"wp-block-uagb-advanced-heading uagb-block-08905f08\"><p class=\"uagb-heading-text\">(back-up during the Rencontres de la jeune photographie internationale)<\/p><\/div>\n<\/div>\n<\/div>\n<\/div>\n\n\n\n<div class=\"wp-block-uagb-container uagb-block-4a4a8470\">\n<div class=\"wp-block-uagb-container second-portrait uagb-block-7f358c23\">\n<div class=\"wp-block-uagb-advanced-heading uagb-block-eb73b98a\"><h2 class=\"uagb-heading-text\">P\u00e9n\u00e9lope Girard<\/h2><\/div>\n\n\n\n<div class=\"wp-block-uagb-advanced-heading uagb-block-c57e8824\"><p class=\"uagb-heading-text\">Mediation<\/p><\/div>\n\n\n\n<div class=\"wp-block-uagb-container uagb-block-1379f768\">\n<div class=\"wp-block-uagb-advanced-heading uagb-block-e458ed03\"><p class=\"uagb-heading-text\">(back-up during the Rencontres de la jeune photographie internationale)<\/p><\/div>\n<\/div>\n<\/div>\n\n\n\n<div class=\"wp-block-uagb-container first-portrait uagb-block-6e35c07b\"><\/div>\n<\/div>\n\n\n\n<div class=\"wp-block-uagb-container uagb-block-1c7a8fc5\">\n<div class=\"wp-block-uagb-container second-portrait uagb-block-fd339f74\">\n<div class=\"wp-block-uagb-advanced-heading uagb-block-6a914c8c\"><h2 class=\"uagb-heading-text\">Noha\u00efla Mejdane<\/h2><\/div>\n\n\n\n<div class=\"wp-block-uagb-advanced-heading uagb-block-112ee647\"><p class=\"uagb-heading-text\">Mediation<\/p><\/div>\n\n\n\n<div class=\"wp-block-uagb-container uagb-block-5076b20f\">\n<div class=\"wp-block-uagb-advanced-heading uagb-block-80bdadcf\"><p class=\"uagb-heading-text\">(back-up during the Rencontres de la jeune photographie internationale)<\/p><\/div>\n<\/div>\n<\/div>\n\n\n\n<div class=\"wp-block-uagb-container first-portrait uagb-block-3ce2c0c1\"><\/div>\n<\/div>\n\n\n\n<div class=\"wp-block-uagb-container uagb-layout-flex uagb-block-9bee0ce8\">\n<div class=\"wp-block-uagb-container first-portrait uagb-block-4cd85a19\"><\/div>\n\n\n\n<div class=\"wp-block-uagb-container second-portrait uagb-block-04c2bf9c\">\n<div class=\"wp-block-uagb-container uagb-block-15a82700\">\n<div class=\"wp-block-uagb-advanced-heading uagb-block-1990aec5\"><h2 class=\"uagb-heading-text\">Gilbert dit Gigi<\/h2><\/div>\n\n\n\n<div class=\"wp-block-uagb-advanced-heading uagb-block-9ae8be97\"><p class=\"uagb-heading-text\">Security guard<br\/>Meditation coach<\/p><\/div>\n<\/div>\n\n\n\n<div class=\"wp-block-uagb-container uagb-block-f4d82661\">\n<div class=\"wp-block-uagb-advanced-heading uagb-block-21daa5b1\"><\/div>\n<\/div>\n<\/div>\n<\/div>\n<\/div>\n<\/div><\/div>\n\n<div class=\"wp-block-uagb-container uagb-block-68e98ab9 alignfull uagb-is-root-container\"><div class=\"uagb-container-inner-blocks-wrap\">\n<div class=\"wp-block-uagb-container uagb-block-49dfc57a\">\n<div class=\"wp-block-uagb-advanced-heading uagb-block-d7f321be\"><h2 class=\"uagb-heading-text\">Board of Directors<\/h2><\/div>\n<\/div>\n\n\n\n<div class=\"wp-block-uagb-container uagb-block-d80452ee\">\n<div class=\"wp-block-uagb-container uagb-block-3d0861fe\">\n<div class=\"wp-block-uagb-advanced-heading uagb-block-bbf7005f\"><h3 class=\"uagb-heading-text\">The office :<\/h3><\/div>\n\n\n\n<div class=\"wp-block-uagb-advanced-heading uagb-block-2b04f1a8\"><p class=\"uagb-heading-text\">Bruno Imhof &#8211; President<br\/>Nicole Vitr\u00e9-M\u00e9chain &#8211; Vice-President<br\/>Xavier Ribot &#8211; Secretary<br\/>Jacques Tapin &#8211; Treasurer<\/p><\/div>\n<\/div>\n\n\n\n<div class=\"wp-block-uagb-container uagb-block-805c1a3b\">\n<div class=\"wp-block-uagb-advanced-heading uagb-block-7b8d2634\"><h3 class=\"uagb-heading-text\">And the administrators:<\/h3><\/div>\n\n\n\n<div class=\"wp-block-uagb-advanced-heading uagb-block-1a960445\"><p class=\"uagb-heading-text\">Isabelle Demain, Jo\u00ebl Girardin, Yves M\u00e9n\u00e9trier, Heriman Avy Ralambonirina<\/p><\/div>\n<\/div>\n<\/div>\n<\/div><\/div>\n\n<div class=\"wp-block-uagb-container uagb-block-0e2d0657 alignfull uagb-is-root-container\"><div class=\"uagb-container-inner-blocks-wrap\">\n<div class=\"wp-block-uagb-container uagb-layout-grid uagb-block-b52155bc alignfull uagb-is-root-container\">\n<div class=\"wp-block-uagb-container uagb-block-447247d4\">\n<div class=\"wp-block-uagb-advanced-heading uagb-block-c840d8ec\"><h2 class=\"uagb-heading-text\">Honorary President<\/h2><\/div>\n\n\n\n<div class=\"wp-block-uagb-advanced-heading uagb-block-7fa9bc8c\"><h2 class=\"uagb-heading-text\">Sylviane Van de Moortele<\/h2><\/div>\n<\/div>\n\n\n\n<div class=\"wp-block-uagb-container uagb-block-15166c6f\">\n<div class=\"wp-block-uagb-advanced-heading uagb-block-3d3ac53b\"><h3 class=\"uagb-heading-text\">Thanks to all the volunteers:<\/h3><\/div>\n\n\n\n<div class=\"wp-block-uagb-advanced-heading uagb-block-53f9c9e1\"><p class=\"uagb-heading-text\">H\u00e9l\u00e8ne Alexandre, Mireille Bacle, Jean-Fran\u00e7ois Barr\u00e9, Manon Buia, Dominique Chatenet, Claude Couliou, Sonia Courrilaud, Marie-Aude Daban, Marine Combes, Catherine Gu\u00e9tat, Jean-Luc Giraud, Didier Goudal, Fr\u00e9d\u00e9rique Griffon, Michel Labrid, Philippe Le Besconte, Jean-Michel Monin, Jean-Charles Oudinet, Marie-France Pougnard, C\u00e9dric Porchez, Sophie Porchez, Anne Rhodes, Aur\u00e9lie Richard, Anne Tapin, Isabelle Verdeau, Anne Vivier&#8230;<\/p><\/div>\n<\/div>\n<\/div>\n\n\n\n<div class=\"wp-block-uagb-container uagb-block-9a4cc09d alignfull uagb-is-root-container\"><div class=\"uagb-container-inner-blocks-wrap\">\n<div class=\"wp-block-uagb-advanced-heading uagb-block-9d1609a7\"><h2 class=\"uagb-heading-text\">Committed to our cause<\/h2><\/div>\n\n\n\n<div class=\"wp-block-uagb-advanced-heading uagb-block-633e5257\"><p class=\"uagb-heading-text\">Graphic design: Matthieu Viellot<br\/>Website: Fabien Cl\u00e9ment<br\/>Illustrations: <a href=\"https:\/\/ycolombievives.com\" target=\"_blank\" rel=\"noreferrer noopener\">Yohan<\/a><a href=\"https:\/\/ycolombievives.com\" rel=\"noopener\">Colombi\u00e9-Viv\u00e8s<\/a> <br\/>Press relations: <a href=\"https:\/\/www.2e-bureau.com\" target=\"_blank\" rel=\"noreferrer noopener\">Agence 2e bureau<\/a><br\/>Catering: <a href=\"https:\/\/www.instagram.com\/louisepozzo\/?hl=fr\" target=\"_blank\" rel=\"noreferrer noopener\">Louise Pozzo<\/a><\/p><\/div>\n<\/div><\/div>\n<\/div><\/div>\n","protected":false},"excerpt":{"rendered":"<p>Theteam at Villa P\u00e9rochon Employees Philippe Guionie Management philippeguionie@cacp-villaperochon.com Virginie Odiard AdministrationCommunicationArtoth\u00e8que virginieodiard@cacp-villaperochon.com Jean-Luc Fouet Artistic and cultural educationMediation jeanlucfouet@cacp-villaperochon.com [&hellip;]<\/p>\n","protected":false},"author":1,"featured_media":0,"parent":4072,"menu_order":4,"comment_status":"closed","ping_status":"closed","template":"","meta":{"inline_featured_image":false,"_uag_custom_page_level_css":"","site-sidebar-layout":"default","site-content-layout":"","ast-site-content-layout":"","site-content-style":"default","site-sidebar-style":"default","ast-global-header-display":"","ast-banner-title-visibility":"","ast-main-header-display":"","ast-hfb-above-header-display":"","ast-hfb-below-header-display":"","ast-hfb-mobile-header-display":"","site-post-title":"disabled","ast-breadcrumbs-content":"","ast-featured-img":"","footer-sml-layout":"","ast-disable-related-posts":"","theme-transparent-header-meta":"","adv-header-id-meta":"","stick-header-meta":"","header-above-stick-meta":"","header-main-stick-meta":"","header-below-stick-meta":"","astra-migrate-meta-layouts":"default","ast-page-background-enabled":"default","ast-page-background-meta":{"desktop":{"background-color":"var(--ast-global-color-4)","background-image":"","background-repeat":"repeat","background-position":"center center","background-size":"auto","background-attachment":"scroll","background-type":"","background-media":"","overlay-type":"","overlay-color":"","overlay-opacity":"","overlay-gradient":""},"tablet":{"background-color":"","background-image":"","background-repeat":"repeat","background-position":"center center","background-size":"auto","background-attachment":"scroll","background-type":"","background-media":"","overlay-type":"","overlay-color":"","overlay-opacity":"","overlay-gradient":""},"mobile":{"background-color":"","background-image":"","background-repeat":"repeat","background-position":"center center","background-size":"auto","background-attachment":"scroll","background-type":"","background-media":"","overlay-type":"","overlay-color":"","overlay-opacity":"","overlay-gradient":""}},"ast-content-background-meta":{"desktop":{"background-color":"var(--ast-global-color-5)","background-image":"","background-repeat":"repeat","background-position":"center center","background-size":"auto","background-attachment":"scroll","background-type":"","background-media":"","overlay-type":"","overlay-color":"","overlay-opacity":"","overlay-gradient":""},"tablet":{"background-color":"var(--ast-global-color-5)","background-image":"","background-repeat":"repeat","background-position":"center center","background-size":"auto","background-attachment":"scroll","background-type":"","background-media":"","overlay-type":"","overlay-color":"","overlay-opacity":"","overlay-gradient":""},"mobile":{"background-color":"var(--ast-global-color-5)","background-image":"","background-repeat":"repeat","background-position":"center center","background-size":"auto","background-attachment":"scroll","background-type":"","background-media":"","overlay-type":"","overlay-color":"","overlay-opacity":"","overlay-gradient":""}},"footnotes":""},"class_list":["post-4152","page","type-page","status-publish","hentry"],"uagb_featured_image_src":{"full":false,"thumbnail":false,"medium":false,"medium_large":false,"large":false,"1536x1536":false,"2048x2048":false},"uagb_author_info":{"display_name":"admin","author_link":"https:\/\/www.cacp-villaperochon.com\/en\/author\/admin\/"},"uagb_comment_info":0,"uagb_excerpt":"Theteam at Villa P\u00e9rochon Employees Philippe Guionie Management philippeguionie@cacp-villaperochon.com Virginie Odiard AdministrationCommunicationArtoth\u00e8que virginieodiard@cacp-villaperochon.com Jean-Luc Fouet Artistic and cultural educationMediation jeanlucfouet@cacp-villaperochon.com [&hellip;]","_links":{"self":[{"href":"https:\/\/www.cacp-villaperochon.com\/en\/wp-json\/wp\/v2\/pages\/4152","targetHints":{"allow":["GET"]}}],"collection":[{"href":"https:\/\/www.cacp-villaperochon.com\/en\/wp-json\/wp\/v2\/pages"}],"about":[{"href":"https:\/\/www.cacp-villaperochon.com\/en\/wp-json\/wp\/v2\/types\/page"}],"author":[{"embeddable":true,"href":"https:\/\/www.cacp-villaperochon.com\/en\/wp-json\/wp\/v2\/users\/1"}],"replies":[{"embeddable":true,"href":"https:\/\/www.cacp-villaperochon.com\/en\/wp-json\/wp\/v2\/comments?post=4152"}],"version-history":[{"count":2,"href":"https:\/\/www.cacp-villaperochon.com\/en\/wp-json\/wp\/v2\/pages\/4152\/revisions"}],"predecessor-version":[{"id":4171,"href":"https:\/\/www.cacp-villaperochon.com\/en\/wp-json\/wp\/v2\/pages\/4152\/revisions\/4171"}],"up":[{"embeddable":true,"href":"https:\/\/www.cacp-villaperochon.com\/en\/wp-json\/wp\/v2\/pages\/4072"}],"wp:attachment":[{"href":"https:\/\/www.cacp-villaperochon.com\/en\/wp-json\/wp\/v2\/media?parent=4152"}],"curies":[{"name":"wp","href":"https:\/\/api.w.org\/{rel}","templated":true}]}}