{"id":4142,"date":"2024-12-05T09:26:17","date_gmt":"2024-12-05T08:26:17","guid":{"rendered":"https:\/\/www.cacp-villaperochon.com\/with-you\/workshops\/"},"modified":"2026-03-30T15:44:43","modified_gmt":"2026-03-30T13:44:43","slug":"workshops","status":"publish","type":"page","link":"https:\/\/www.cacp-villaperochon.com\/en\/with-you\/workshops\/","title":{"rendered":"Workshops"},"content":{"rendered":"\n<div class=\"wp-block-uagb-container uagb-block-fa03bbfa alignfull uagb-is-root-container\"><div class=\"uagb-container-inner-blocks-wrap\">\n<div class=\"wp-block-uagb-container swiper-rjpi-container uagb-block-f7ea2535 alignfull uagb-is-root-container\"><div class=\"uagb-container-inner-blocks-wrap\">\n<div class=\"wp-block-uagb-advanced-heading uagb-block-b0a44478\"><h1 class=\"uagb-heading-text\"><strong>Workshops and Ateliers<\/strong><br\/>at Villa P\u00e9rochon<\/h1><\/div>\n<\/div><\/div>\n<\/div><\/div>\n\n<div class=\"wp-block-uagb-container uagb-block-b66cc941 alignfull uagb-is-root-container\"><div class=\"uagb-container-inner-blocks-wrap\">\n<div class=\"wp-block-uagb-advanced-heading uagb-block-46bb5fa2\"><p class=\"uagb-heading-text\">Throughout the year, we offer workshops for amateurs and professionals alike. Find out more about our upcoming workshops.<\/p><\/div>\n\n\n<div class=\"wpv-view-output\" data-toolset-views-view-editor=\"789dbee98352beaadd8bb76c625dac3e\">\n<div class=\"wp-block-toolset-views-view-editor wpv-gutenberg-view-wrapper-920\">\n\n\n\n\t\n\t\n\t\t<div class=\"agenda-list\">\n         \n          <div class=\"agenda-list-wrapper\">\n             <span style=\"display:none\" class=\"js-wpv-dps-spinner search-gif\"><img decoding=\"async\" src=\"https:\/\/Villa-perochon:8890\/wp-content\/plugins\/toolset-blocks\/embedded\/res\/img\/ajax-loader4.svg\" alt=\"\" title=\"\">Chargement<\/span>\n\n\n      <div class=agenda-list-item>\n  <a href=\"https:\/\/www.cacp-villaperochon.com\/en\/agenda\/formation-diagonal-strengthen-and-enhance-your-approach-as-an-author-photographer-2\/\">\n   <div class='agenda-list-item-visuel'>\n\n\n    <div class='agenda-list-item-img' style='height:370px;background:url(https:\/\/www.cacp-villaperochon.com\/wp-content\/uploads\/2025\/09\/workshop-diagonal-gabarit-vignette-agenda.jpg);background-size:cover ;background-repeat: no-repeat;background-position: center;'>      <div class=\"shadow-layer\">\n       <h2>Formation Diagonal &#8211; Strengthen and enhance your approach as an author-photographer<\/h2>\n    <p class=\"excerpt\">TrainingStrengthen and enhance your approach as a photographer From 18 May To 20 May La Villa P\u00e9rochon hosts the &#8220;Conforter et valoriser&#8230;<\/p>\n     <\/div><\/div>\n\t\n     \n  \t\n    <\/div>\n <div class='agenda-list-item-content'>\n  \n  \n  <div class='agenda-list-item-date-multiple'>\n    <h2>Formation Diagonal &#8211; Strengthen and enhance your approach as an author-photographer<\/h2>\n  <p>18 May - 20 May 2026<\/p>\n    <p>Villa P\u00e9rochon<\/p>\n  <\/div>\n  \n<\/div>\n  <\/a>\n<\/div>\n\n\n\n\t\n\n      <div class=agenda-list-item>\n  <a href=\"https:\/\/www.cacp-villaperochon.com\/en\/agenda\/workshop-reinventer-le-regard-avec-gregoire-eloy\/\">\n   <div class='agenda-list-item-visuel'>\n\n\n    <div class='agenda-list-item-img' style='height:370px;background:url(https:\/\/www.cacp-villaperochon.com\/wp-content\/uploads\/2025\/04\/eloy-vignette-agenda.jpg);background-size:cover ;background-repeat: no-repeat;background-position: center;'>      <div class=\"shadow-layer\">\n       <h2>Workshop &#8211; R\u00e9inventer le regard avec Gr\u00e9goire Eloy<\/h2>\n    <p class=\"excerpt\">Dans le cadre de son exposition \u00e0 la Villa P\u00e9rochon, profitez d&#8217;un workshop privil\u00e9gi\u00e9 avec Gr\u00e9goire Eloy.<\/p>\n     <\/div><\/div>\n\t\n     \n  \t\n    <\/div>\n <div class='agenda-list-item-content'>\n  \n  \n  <div class='agenda-list-item-date-multiple'>\n    <h2>Workshop &#8211; R\u00e9inventer le regard avec Gr\u00e9goire Eloy<\/h2>\n  <p>24 May - 25 May 2026<\/p>\n    <p>Villa P\u00e9rochon<\/p>\n  <\/div>\n  \n<\/div>\n  <\/a>\n<\/div>\n\n\n\n\t\n                      <\/div>\n       <\/div>  \n\t\n\t\n\t\n\n<\/div>\n<\/div><\/div><\/div>\n","protected":false},"excerpt":{"rendered":"<p>Workshops and Ateliersat Villa P\u00e9rochon Throughout the year, we offer workshops for amateurs and professionals alike. Find out more about [&hellip;]<\/p>\n","protected":false},"author":1,"featured_media":0,"parent":4097,"menu_order":17,"comment_status":"closed","ping_status":"closed","template":"","meta":{"inline_featured_image":false,"_uag_custom_page_level_css":"","site-sidebar-layout":"default","site-content-layout":"","ast-site-content-layout":"default","site-content-style":"default","site-sidebar-style":"default","ast-global-header-display":"","ast-banner-title-visibility":"","ast-main-header-display":"","ast-hfb-above-header-display":"","ast-hfb-below-header-display":"","ast-hfb-mobile-header-display":"","site-post-title":"","ast-breadcrumbs-content":"","ast-featured-img":"","footer-sml-layout":"","ast-disable-related-posts":"","theme-transparent-header-meta":"","adv-header-id-meta":"","stick-header-meta":"","header-above-stick-meta":"","header-main-stick-meta":"","header-below-stick-meta":"","astra-migrate-meta-layouts":"default","ast-page-background-enabled":"default","ast-page-background-meta":{"desktop":{"background-color":"var(--ast-global-color-4)","background-image":"","background-repeat":"repeat","background-position":"center center","background-size":"auto","background-attachment":"scroll","background-type":"","background-media":"","overlay-type":"","overlay-color":"","overlay-opacity":"","overlay-gradient":""},"tablet":{"background-color":"","background-image":"","background-repeat":"repeat","background-position":"center center","background-size":"auto","background-attachment":"scroll","background-type":"","background-media":"","overlay-type":"","overlay-color":"","overlay-opacity":"","overlay-gradient":""},"mobile":{"background-color":"","background-image":"","background-repeat":"repeat","background-position":"center center","background-size":"auto","background-attachment":"scroll","background-type":"","background-media":"","overlay-type":"","overlay-color":"","overlay-opacity":"","overlay-gradient":""}},"ast-content-background-meta":{"desktop":{"background-color":"var(--ast-global-color-5)","background-image":"","background-repeat":"repeat","background-position":"center center","background-size":"auto","background-attachment":"scroll","background-type":"","background-media":"","overlay-type":"","overlay-color":"","overlay-opacity":"","overlay-gradient":""},"tablet":{"background-color":"var(--ast-global-color-5)","background-image":"","background-repeat":"repeat","background-position":"center center","background-size":"auto","background-attachment":"scroll","background-type":"","background-media":"","overlay-type":"","overlay-color":"","overlay-opacity":"","overlay-gradient":""},"mobile":{"background-color":"var(--ast-global-color-5)","background-image":"","background-repeat":"repeat","background-position":"center center","background-size":"auto","background-attachment":"scroll","background-type":"","background-media":"","overlay-type":"","overlay-color":"","overlay-opacity":"","overlay-gradient":""}},"footnotes":""},"class_list":["post-4142","page","type-page","status-publish","hentry"],"uagb_featured_image_src":{"full":false,"thumbnail":false,"medium":false,"medium_large":false,"large":false,"1536x1536":false,"2048x2048":false},"uagb_author_info":{"display_name":"admin","author_link":"https:\/\/www.cacp-villaperochon.com\/en\/author\/admin\/"},"uagb_comment_info":0,"uagb_excerpt":"Workshops and Ateliersat Villa P\u00e9rochon Throughout the year, we offer workshops for amateurs and professionals alike. Find out more about [&hellip;]","_links":{"self":[{"href":"https:\/\/www.cacp-villaperochon.com\/en\/wp-json\/wp\/v2\/pages\/4142","targetHints":{"allow":["GET"]}}],"collection":[{"href":"https:\/\/www.cacp-villaperochon.com\/en\/wp-json\/wp\/v2\/pages"}],"about":[{"href":"https:\/\/www.cacp-villaperochon.com\/en\/wp-json\/wp\/v2\/types\/page"}],"author":[{"embeddable":true,"href":"https:\/\/www.cacp-villaperochon.com\/en\/wp-json\/wp\/v2\/users\/1"}],"replies":[{"embeddable":true,"href":"https:\/\/www.cacp-villaperochon.com\/en\/wp-json\/wp\/v2\/comments?post=4142"}],"version-history":[{"count":3,"href":"https:\/\/www.cacp-villaperochon.com\/en\/wp-json\/wp\/v2\/pages\/4142\/revisions"}],"predecessor-version":[{"id":4149,"href":"https:\/\/www.cacp-villaperochon.com\/en\/wp-json\/wp\/v2\/pages\/4142\/revisions\/4149"}],"up":[{"embeddable":true,"href":"https:\/\/www.cacp-villaperochon.com\/en\/wp-json\/wp\/v2\/pages\/4097"}],"wp:attachment":[{"href":"https:\/\/www.cacp-villaperochon.com\/en\/wp-json\/wp\/v2\/media?parent=4142"}],"curies":[{"name":"wp","href":"https:\/\/api.w.org\/{rel}","templated":true}]}}